{"id":189,"date":"2024-02-21T15:43:07","date_gmt":"2024-02-21T15:43:07","guid":{"rendered":"https:\/\/grupoalban.com\/?page_id=189"},"modified":"2024-02-21T16:21:08","modified_gmt":"2024-02-21T16:21:08","slug":"politica-de-cookies","status":"publish","type":"page","link":"https:\/\/grupoalban.com\/index.php\/politica-de-cookies\/","title":{"rendered":"Politica de cookies"},"content":{"rendered":"\n[et_pb_section fb_built=\u00bb1&#8243; _builder_version=\u00bb4.23.4&#8243; _module_preset=\u00bbdefault\u00bb global_colors_info=\u00bb{}\u00bb][et_pb_row _builder_version=\u00bb4.23.4&#8243; _module_preset=\u00bbdefault\u00bb global_colors_info=\u00bb{}\u00bb][et_pb_column type=\u00bb4_4&#8243; _builder_version=\u00bb4.23.4&#8243; _module_preset=\u00bbdefault\u00bb global_colors_info=\u00bb{}\u00bb][et_pb_text _builder_version=\u00bb4.23.4&#8243; _module_preset=\u00bbdefault\u00bb text_font_size=\u00bb16px\u00bb global_colors_info=\u00bb{}\u00bb]<div class=\"et_pb_row et_pb_row_0\">\n<div class=\"et_pb_column et_pb_column_4_4 et_pb_column_0  et_pb_css_mix_blend_mode_passthrough et-last-child\">\n<div class=\"et_pb_module et_pb_text et_pb_text_0  et_pb_text_align_left et_pb_bg_layout_light\">\n<div class=\"et_pb_text_inner\">\n<p style=\"text-align: center;\"><span style=\"font-size: x-large;\"><b>Politica de cookies<\/b><\/span><\/p>\n<p><span style=\"font-size: 16px;\">El acceso a este Sitio Web puede implicar la utilizaci\u00f3n de cookies. Las cookies son peque\u00f1as cantidades de informaci\u00f3n que se almacenan en el navegador utilizado por cada Usuario \u2014en los distintos dispositivos que pueda utilizar para navegar\u2014 para que el servidor recuerde cierta informaci\u00f3n que posteriormente y \u00fanicamente el servidor que la implement\u00f3 leer\u00e1. Las cookies facilitan la navegaci\u00f3n, la hacen m\u00e1s amigable, y no da\u00f1an el dispositivo de navegaci\u00f3n. Las cookies son procedimientos autom\u00e1ticos de recogida de informaci\u00f3n relativa a las preferencias determinadas por el Usuario durante su visita al Sitio Web con el fin de reconocerlo como Usuario, y personalizar su experiencia y el uso del Sitio Web, y pueden tambi\u00e9n, por ejemplo, ayudar a identificar y resolver errores. La informaci\u00f3n recabada a trav\u00e9s de las cookies puede incluir la fecha y hora de visitas al Sitio Web, las p\u00e1ginas visionadas, el tiempo que ha estado en el Sitio Web y los sitios visitados justo antes y despu\u00e9s del mismo. Sin embargo, ninguna cookie permite que esta misma pueda contactarse con el n\u00famero de tel\u00e9fono del Usuario o con cualquier otro medio de contacto personal. Ninguna cookie puede extraer informaci\u00f3n del disco duro del Usuario o robar informaci\u00f3n personal. La \u00fanica manera de que la informaci\u00f3n privada del Usuario forme parte del archivo Cookie es que el usuario d\u00e9 personalmente esa informaci\u00f3n al servidor. Las cookies que permiten identificar a una persona se consideran datos personales. Por tanto, a las mismas les ser\u00e1 de aplicaci\u00f3n la Pol\u00edtica de Privacidad anteriormente descrita. En este sentido, para la utilizaci\u00f3n de las mismas ser\u00e1 necesario el consentimiento del Usuario. Este consentimiento ser\u00e1 comunicado, en base a una elecci\u00f3n aut\u00e9ntica, ofrecido mediante una decisi\u00f3n afirmativa y positiva, antes del tratamiento inicial, removible y documentado.<\/span><\/p>\n<\/div>\n<\/div>\n<\/div>\n<\/div>\n<div class=\"et_pb_row et_pb_row_1\">\n<div class=\"et_pb_column et_pb_column_4_4 et_pb_column_1  et_pb_css_mix_blend_mode_passthrough et-last-child\">\n<div class=\"et_pb_module et_pb_text et_pb_text_1  et_pb_text_align_left et_pb_bg_layout_light\">\n<div class=\"et_pb_text_inner\">\n<h6 style=\"text-align: center;\"><span style=\"font-size: x-large;\"><strong>Cookies de terceros<\/strong><\/span><\/h6>\n<p><span style=\"font-size: x-large;\"><strong><\/strong><\/span><\/p>\n<p>Son cookies utilizadas y gestionadas por entidades externas que proporcionan a Grupo Alban servicios solicitados por este mismo para mejorar el Sitio Web y la experiencia del usuario al navegar en el Sitio Web. Los principales objetivos para los que se utilizan cookies de terceros son la obtenci\u00f3n de estad\u00edsticas de accesos y analizar la informaci\u00f3n de la navegaci\u00f3n, es decir, c\u00f3mo interact\u00faa el Usuario con el Sitio Web. La informaci\u00f3n que se obtiene se refiere, por ejemplo, al n\u00famero de p\u00e1ginas visitadas, el idioma, el lugar a la que la direcci\u00f3n IP desde el que accede el Usuario, el n\u00famero de Usuarios que acceden, la frecuencia y reincidencia de las visitas, el tiempo de visita, el navegador que usan, el operador o tipo de dispositivo desde el que se realiza la visita. Esta informaci\u00f3n se utiliza para mejorar el Sitio Web, y detectar nuevas necesidades para ofrecer a los Usuarios un Contenido y\/o servicio de \u00f3ptima calidad. En todo caso, la informaci\u00f3n se recopila de forma an\u00f3nima y se elaboran informes de tendencias del Sitio Web sin identificar a usuarios individuales. Puede obtener m\u00e1s informaci\u00f3n sobre las cookies, la informaci\u00f3n sobre la privacidad, o consultar la descripci\u00f3n del tipo de cookies que se utiliza, sus principales caracter\u00edsticas, periodo de expiraci\u00f3n, etc. en el siguiente(s) enlace(s): Google Analytics<span>\u00a0<\/span><a href=\"https:\/\/marketingplatform.google.com\/about\/analytics\/\">https:\/\/marketingplatform.google.com\/about\/analytics\/<\/a><span>\u00a0<\/span>La(s) entidad(es) encargada(s) del suministro de cookies podr\u00e1(n) ceder esta informaci\u00f3n a terceros, siempre y cuando lo exija la ley o sea un tercero el que procese esta informaci\u00f3n para dichas entidades.<\/p>\n<p>&nbsp;<\/p>\n<h6 style=\"text-align: center;\"><span style=\"font-size: x-large;\"><strong>Cookies de redes sociales<\/strong><\/span><\/h6>\n<p><span style=\"font-size: x-large;\"><strong><\/strong><\/span><\/p>\n<p>Grupo Alban incorpora plugins de redes sociales, que permiten acceder a las mismas a partir del Sitio Web. Por esta raz\u00f3n, las cookies de redes sociales pueden almacenarse en el navegador del Usuario. Los titulares de dichas redes sociales disponen de sus propias pol\u00edticas de protecci\u00f3n de datos y de cookies, siendo ellos mismos, en cada caso, responsables de sus propios ficheros y de sus propias pr\u00e1cticas de privacidad. El Usuario debe referirse a las mismas para informarse acerca de dichas cookies y, en su caso, del tratamiento de sus datos personales. \u00danicamente a t\u00edtulo informativo se indican a continuaci\u00f3n los enlaces en los que se pueden consultar dichas pol\u00edticas de privacidad y\/o de cookies: Facebook: <a href=\"https:\/\/www.facebook.com\/policies\/cookies\/\">https:\/\/www.facebook.com\/policies\/cookies\/<\/a><span>\u00a0<\/span>Twitter:\u00a0<a href=\"https:\/\/twitter.com\/es\/privacy\">https:\/\/twitter.com\/es\/privacy<\/a><span>\u00a0<\/span>Instagram:\u00a0<a href=\"https:\/\/help.instagram.com\/1896641480634370?ref=ig\">https:\/\/help.instagram.com\/1896641480634370?ref=ig<\/a><span>\u00a0<\/span>Youtube:\u00a0<a href=\"https:\/\/policies.google.com\/privacy?hl=es-419&amp;gl=mx\">https:\/\/policies.google.com\/privacy?hl=es-419&amp;gl=mx<\/a><span>\u00a0<\/span>Google+:\u00a0<a href=\"https:\/\/policies.google.com\/technologies\/cookies?hl=es\">https:\/\/policies.google.com\/technologies\/cookies?hl=es<\/a><span>\u00a0<\/span>Pinterest:\u00a0<a href=\"https:\/\/policy.pinterest.com\/es\/privacy-policy\">https:\/\/policy.pinterest.com\/es\/privacy-policy<\/a><span>\u00a0<\/span>LinkedIn:\u00a0<a href=\"https:\/\/www.linkedin.com\/legal\/cookie-policy?trk=hp-cookies\">https:\/\/www.linkedin.com\/legal\/cookie-policy?trk=hp-cookies<\/a><\/p>\n<h6><span style=\"font-size: large;\"><strong>Deshabilitar, rechazar y eliminar cookies<\/strong><\/span><\/h6>\n<p>El Usuario puede deshabilitar, rechazar y eliminar las cookies \u2014total o parcialmente\u2014 instaladas en su dispositivo mediante la configuraci\u00f3n de su navegador (entre los que se encuentran, por ejemplo, Chrome, Firefox, Safari, Explorer). En este sentido, los procedimientos para rechazar y eliminar las cookies pueden diferir de un navegador de Internet a otro. En consecuencia, el Usuario debe acudir a las instrucciones facilitadas por el propio navegador de Internet que est\u00e9 utilizando. En el supuesto de que rechace el uso de cookies \u2014total o parcialmente\u2014 podr\u00e1 seguir usando el Sitio Web, si bien podr\u00e1 tener limitada la utilizaci\u00f3n de algunas de las prestaciones del mismo.<\/p>\n<h5><strong>III. ACEPTACI\u00d3N Y CAMBIOS EN ESTA POL\u00cdTICA DE PRIVACIDAD<\/strong><\/h5>\n<p>Es necesario que el Usuario haya le\u00eddo y est\u00e9 conforme con las condiciones sobre la protecci\u00f3n de datos de car\u00e1cter personal contenidas en esta Pol\u00edtica de Privacidad y de Cookies, as\u00ed como que acepte el tratamiento de sus datos personales para que el Responsable del tratamiento pueda proceder al mismo en la forma, durante los plazos y para las finalidades indicadas. El uso del Sitio Web implicar\u00e1 la aceptaci\u00f3n de la Pol\u00edtica de Privacidad y de Cookies del mismo. Grupo Alban se reserva el derecho a modificar su Pol\u00edtica de Privacidad y de Cookies, de acuerdo a su propio criterio, o motivado por un cambio legislativo, jurisprudencial o doctrinal de la Agencia Espa\u00f1ola de Protecci\u00f3n de Datos. Los cambios o actualizaciones de esta Pol\u00edtica de Privacidad y de Cookies no ser\u00e1n notificados de forma expl\u00edcita al Usuario. Se recomienda al Usuario consultar esta p\u00e1gina de forma peri\u00f3dica para estar al tanto de los \u00faltimos cambios o actualizaciones. Esta Pol\u00edtica de Privacidad y de Cookies fue actualizada el d\u00eda 21 de abril 2020 para adaptarse al Reglamento (UE) 2016\/679 del Parlamento Europeo y del Consejo, de 27 de abril de 2016, relativo a la protecci\u00f3n de las personas f\u00edsicas en lo que respecta al tratamiento de datos personales y a la libre circulaci\u00f3n de estos datos (RGPD).<\/p>\n<\/div>\n<\/div>\n<\/div>\n<\/div>[\/et_pb_text][\/et_pb_column][\/et_pb_row][\/et_pb_section]\n","protected":false},"excerpt":{"rendered":"<p>Politica de cookies El acceso a este Sitio Web puede implicar la utilizaci\u00f3n de cookies. Las cookies son peque\u00f1as cantidades de informaci\u00f3n que se almacenan en el navegador utilizado por cada Usuario \u2014en los distintos dispositivos que pueda utilizar para navegar\u2014 para que el servidor recuerde cierta informaci\u00f3n que posteriormente y \u00fanicamente el servidor que [&hellip;]<\/p>\n","protected":false},"author":3,"featured_media":0,"parent":0,"menu_order":0,"comment_status":"closed","ping_status":"closed","template":"","meta":{"_et_pb_use_builder":"on","_et_pb_old_content":"","_et_gb_content_width":"","footnotes":""},"class_list":["post-189","page","type-page","status-publish","hentry"],"_links":{"self":[{"href":"https:\/\/grupoalban.com\/index.php\/wp-json\/wp\/v2\/pages\/189","targetHints":{"allow":["GET"]}}],"collection":[{"href":"https:\/\/grupoalban.com\/index.php\/wp-json\/wp\/v2\/pages"}],"about":[{"href":"https:\/\/grupoalban.com\/index.php\/wp-json\/wp\/v2\/types\/page"}],"author":[{"embeddable":true,"href":"https:\/\/grupoalban.com\/index.php\/wp-json\/wp\/v2\/users\/3"}],"replies":[{"embeddable":true,"href":"https:\/\/grupoalban.com\/index.php\/wp-json\/wp\/v2\/comments?post=189"}],"version-history":[{"count":5,"href":"https:\/\/grupoalban.com\/index.php\/wp-json\/wp\/v2\/pages\/189\/revisions"}],"predecessor-version":[{"id":198,"href":"https:\/\/grupoalban.com\/index.php\/wp-json\/wp\/v2\/pages\/189\/revisions\/198"}],"wp:attachment":[{"href":"https:\/\/grupoalban.com\/index.php\/wp-json\/wp\/v2\/media?parent=189"}],"curies":[{"name":"wp","href":"https:\/\/api.w.org\/{rel}","templated":true}]}}